{"id":710,"date":"2022-07-26T21:37:29","date_gmt":"2022-07-27T02:37:29","guid":{"rendered":"https:\/\/wanka.althus.pe\/producto\/maca-tea\/"},"modified":"2022-09-09T12:41:21","modified_gmt":"2022-09-09T17:41:21","slug":"maca-tea","status":"publish","type":"product","link":"https:\/\/superwankafoods.com\/es\/producto\/maca-tea\/","title":{"rendered":"Maca Tea"},"content":{"rendered":"<p>La maca es un superalimento peruano que crece en las monta\u00f1as de los Andes y tiene m\u00faltiples propiedades y beneficios. Es un cultivo milenario que ha sido fuente de energ\u00eda y resistencia para los Guerreros Incas por m\u00faltiples a\u00f1os.<br \/>\nNuestro t\u00e9 de maca est\u00e1 elaborado con pura maca negra org\u00e1nica y conserva las propiedades de este superalimento.<\/p>\n","protected":false},"excerpt":{"rendered":"<p>La maca es un superalimento peruano que crece en las monta\u00f1as de los Andes y tiene m\u00faltiples propiedades y beneficios. Es un cultivo milenario que ha sido fuente de energ\u00eda y resistencia para los Guerreros Incas por m\u00faltiples a\u00f1os. Nuestro t\u00e9 de maca est\u00e1 elaborado con pura maca negra org\u00e1nica y conserva las propiedades de [&hellip;]<\/p>\n","protected":false},"featured_media":604,"comment_status":"closed","ping_status":"closed","template":"","meta":{"inline_featured_image":false},"product_cat":[71,76],"product_tag":[],"yoast_head":"<!-- This site is optimized with the Yoast SEO plugin v19.10 - https:\/\/yoast.com\/wordpress\/plugins\/seo\/ -->\n<title>Maca Tea - Wanka Foods<\/title>\n<meta name=\"robots\" content=\"index, follow, max-snippet:-1, max-image-preview:large, max-video-preview:-1\" \/>\n<link rel=\"canonical\" href=\"https:\/\/superwankafoods.com\/es\/producto\/maca-tea\/\" \/>\n<meta property=\"og:locale\" content=\"es_ES\" \/>\n<meta property=\"og:type\" content=\"article\" \/>\n<meta property=\"og:title\" content=\"Maca Tea - Wanka Foods\" \/>\n<meta property=\"og:description\" content=\"La maca es un superalimento peruano que crece en las monta\u00f1as de los Andes y tiene m\u00faltiples propiedades y beneficios. Es un cultivo milenario que ha sido fuente de energ\u00eda y resistencia para los Guerreros Incas por m\u00faltiples a\u00f1os. Nuestro t\u00e9 de maca est\u00e1 elaborado con pura maca negra org\u00e1nica y conserva las propiedades de [&hellip;]\" \/>\n<meta property=\"og:url\" content=\"https:\/\/superwankafoods.com\/es\/producto\/maca-tea\/\" \/>\n<meta property=\"og:site_name\" content=\"Wanka Foods\" \/>\n<meta property=\"article:modified_time\" content=\"2022-09-09T17:41:21+00:00\" \/>\n<meta property=\"og:image\" content=\"https:\/\/superwankafoods.com\/wp-content\/uploads\/2022\/07\/maca.jpg\" \/>\n\t<meta property=\"og:image:width\" content=\"800\" \/>\n\t<meta property=\"og:image:height\" content=\"800\" \/>\n\t<meta property=\"og:image:type\" content=\"image\/jpeg\" \/>\n<meta name=\"twitter:card\" content=\"summary_large_image\" \/>\n<script type=\"application\/ld+json\" class=\"yoast-schema-graph\">{\"@context\":\"https:\/\/schema.org\",\"@graph\":[{\"@type\":\"WebPage\",\"@id\":\"https:\/\/superwankafoods.com\/es\/producto\/maca-tea\/\",\"url\":\"https:\/\/superwankafoods.com\/es\/producto\/maca-tea\/\",\"name\":\"Maca Tea - Wanka Foods\",\"isPartOf\":{\"@id\":\"https:\/\/superwankafoods.com\/#website\"},\"datePublished\":\"2022-07-27T02:37:29+00:00\",\"dateModified\":\"2022-09-09T17:41:21+00:00\",\"breadcrumb\":{\"@id\":\"https:\/\/superwankafoods.com\/es\/producto\/maca-tea\/#breadcrumb\"},\"inLanguage\":\"es\",\"potentialAction\":[{\"@type\":\"ReadAction\",\"target\":[\"https:\/\/superwankafoods.com\/es\/producto\/maca-tea\/\"]}]},{\"@type\":\"BreadcrumbList\",\"@id\":\"https:\/\/superwankafoods.com\/es\/producto\/maca-tea\/#breadcrumb\",\"itemListElement\":[{\"@type\":\"ListItem\",\"position\":1,\"name\":\"Home\",\"item\":\"https:\/\/superwankafoods.com\/es\/\"},{\"@type\":\"ListItem\",\"position\":2,\"name\":\"Tienda\",\"item\":\"https:\/\/superwankafoods.com\/es\/tienda-2\/\"},{\"@type\":\"ListItem\",\"position\":3,\"name\":\"Maca Tea\"}]},{\"@type\":\"WebSite\",\"@id\":\"https:\/\/superwankafoods.com\/#website\",\"url\":\"https:\/\/superwankafoods.com\/\",\"name\":\"Wanka Foods\",\"description\":\"\",\"publisher\":{\"@id\":\"https:\/\/superwankafoods.com\/#organization\"},\"potentialAction\":[{\"@type\":\"SearchAction\",\"target\":{\"@type\":\"EntryPoint\",\"urlTemplate\":\"https:\/\/superwankafoods.com\/?s={search_term_string}\"},\"query-input\":\"required name=search_term_string\"}],\"inLanguage\":\"es\"},{\"@type\":\"Organization\",\"@id\":\"https:\/\/superwankafoods.com\/#organization\",\"name\":\"Wanka Foods\",\"url\":\"https:\/\/superwankafoods.com\/\",\"logo\":{\"@type\":\"ImageObject\",\"inLanguage\":\"es\",\"@id\":\"https:\/\/superwankafoods.com\/#\/schema\/logo\/image\/\",\"url\":\"https:\/\/superwankafoods.com\/wp-content\/uploads\/2022\/07\/logotipo-wanka-foods.svg\",\"contentUrl\":\"https:\/\/superwankafoods.com\/wp-content\/uploads\/2022\/07\/logotipo-wanka-foods.svg\",\"width\":\"1024\",\"height\":\"1024\",\"caption\":\"Wanka Foods\"},\"image\":{\"@id\":\"https:\/\/superwankafoods.com\/#\/schema\/logo\/image\/\"},\"sameAs\":[\"https:\/\/www.instagram.com\/wankafoods\/\"]}]}<\/script>\n<!-- \/ Yoast SEO plugin. -->","yoast_head_json":{"title":"Maca Tea - Wanka Foods","robots":{"index":"index","follow":"follow","max-snippet":"max-snippet:-1","max-image-preview":"max-image-preview:large","max-video-preview":"max-video-preview:-1"},"canonical":"https:\/\/superwankafoods.com\/es\/producto\/maca-tea\/","og_locale":"es_ES","og_type":"article","og_title":"Maca Tea - Wanka Foods","og_description":"La maca es un superalimento peruano que crece en las monta\u00f1as de los Andes y tiene m\u00faltiples propiedades y beneficios. Es un cultivo milenario que ha sido fuente de energ\u00eda y resistencia para los Guerreros Incas por m\u00faltiples a\u00f1os. Nuestro t\u00e9 de maca est\u00e1 elaborado con pura maca negra org\u00e1nica y conserva las propiedades de [&hellip;]","og_url":"https:\/\/superwankafoods.com\/es\/producto\/maca-tea\/","og_site_name":"Wanka Foods","article_modified_time":"2022-09-09T17:41:21+00:00","og_image":[{"width":800,"height":800,"url":"https:\/\/superwankafoods.com\/wp-content\/uploads\/2022\/07\/maca.jpg","type":"image\/jpeg"}],"twitter_card":"summary_large_image","schema":{"@context":"https:\/\/schema.org","@graph":[{"@type":"WebPage","@id":"https:\/\/superwankafoods.com\/es\/producto\/maca-tea\/","url":"https:\/\/superwankafoods.com\/es\/producto\/maca-tea\/","name":"Maca Tea - Wanka Foods","isPartOf":{"@id":"https:\/\/superwankafoods.com\/#website"},"datePublished":"2022-07-27T02:37:29+00:00","dateModified":"2022-09-09T17:41:21+00:00","breadcrumb":{"@id":"https:\/\/superwankafoods.com\/es\/producto\/maca-tea\/#breadcrumb"},"inLanguage":"es","potentialAction":[{"@type":"ReadAction","target":["https:\/\/superwankafoods.com\/es\/producto\/maca-tea\/"]}]},{"@type":"BreadcrumbList","@id":"https:\/\/superwankafoods.com\/es\/producto\/maca-tea\/#breadcrumb","itemListElement":[{"@type":"ListItem","position":1,"name":"Home","item":"https:\/\/superwankafoods.com\/es\/"},{"@type":"ListItem","position":2,"name":"Tienda","item":"https:\/\/superwankafoods.com\/es\/tienda-2\/"},{"@type":"ListItem","position":3,"name":"Maca Tea"}]},{"@type":"WebSite","@id":"https:\/\/superwankafoods.com\/#website","url":"https:\/\/superwankafoods.com\/","name":"Wanka Foods","description":"","publisher":{"@id":"https:\/\/superwankafoods.com\/#organization"},"potentialAction":[{"@type":"SearchAction","target":{"@type":"EntryPoint","urlTemplate":"https:\/\/superwankafoods.com\/?s={search_term_string}"},"query-input":"required name=search_term_string"}],"inLanguage":"es"},{"@type":"Organization","@id":"https:\/\/superwankafoods.com\/#organization","name":"Wanka Foods","url":"https:\/\/superwankafoods.com\/","logo":{"@type":"ImageObject","inLanguage":"es","@id":"https:\/\/superwankafoods.com\/#\/schema\/logo\/image\/","url":"https:\/\/superwankafoods.com\/wp-content\/uploads\/2022\/07\/logotipo-wanka-foods.svg","contentUrl":"https:\/\/superwankafoods.com\/wp-content\/uploads\/2022\/07\/logotipo-wanka-foods.svg","width":"1024","height":"1024","caption":"Wanka Foods"},"image":{"@id":"https:\/\/superwankafoods.com\/#\/schema\/logo\/image\/"},"sameAs":["https:\/\/www.instagram.com\/wankafoods\/"]}]}},"_links":{"self":[{"href":"https:\/\/superwankafoods.com\/es\/wp-json\/wp\/v2\/product\/710"}],"collection":[{"href":"https:\/\/superwankafoods.com\/es\/wp-json\/wp\/v2\/product"}],"about":[{"href":"https:\/\/superwankafoods.com\/es\/wp-json\/wp\/v2\/types\/product"}],"replies":[{"embeddable":true,"href":"https:\/\/superwankafoods.com\/es\/wp-json\/wp\/v2\/comments?post=710"}],"wp:featuredmedia":[{"embeddable":true,"href":"https:\/\/superwankafoods.com\/es\/wp-json\/wp\/v2\/media\/604"}],"wp:attachment":[{"href":"https:\/\/superwankafoods.com\/es\/wp-json\/wp\/v2\/media?parent=710"}],"wp:term":[{"taxonomy":"product_cat","embeddable":true,"href":"https:\/\/superwankafoods.com\/es\/wp-json\/wp\/v2\/product_cat?post=710"},{"taxonomy":"product_tag","embeddable":true,"href":"https:\/\/superwankafoods.com\/es\/wp-json\/wp\/v2\/product_tag?post=710"}],"curies":[{"name":"wp","href":"https:\/\/api.w.org\/{rel}","templated":true}]}}