{"id":709,"date":"2022-07-26T21:37:48","date_gmt":"2022-07-27T02:37:48","guid":{"rendered":"https:\/\/wanka.althus.pe\/producto\/harina-de-platano-verde\/"},"modified":"2022-09-12T21:17:59","modified_gmt":"2022-09-13T02:17:59","slug":"plantain-flour","status":"publish","type":"product","link":"https:\/\/superwankafoods.com\/es\/producto\/plantain-flour\/","title":{"rendered":"Harina de Platano Verde"},"content":{"rendered":"<p>El pl\u00e1tano es una s\u00faper fruta que crece en la costa norte del Per\u00fa. Es un carbohidrato de buena calidad que ayuda a mantener la salud intestinal. La harina de pl\u00e1tano es una fuente natural de potasio, calcio y fibra. Tiene un color claro y un sabor ligero, con una textura realmente suave que lo convierte en una excelente opci\u00f3n para hacer sopas, panqueques, pan y pasteles. Esta harina no contiene gluten, tiene bajo contenido de sodio y es una opci\u00f3n perfecta para los veganos.<\/p>\n","protected":false},"excerpt":{"rendered":"<p>El pl\u00e1tano es una s\u00faper fruta que crece en la costa norte del Per\u00fa. Es un carbohidrato de buena calidad que ayuda a mantener la salud intestinal. La harina de pl\u00e1tano es una fuente natural de potasio, calcio y fibra. Tiene un color claro y un sabor ligero, con una textura realmente suave que lo [&hellip;]<\/p>\n","protected":false},"featured_media":537,"comment_status":"closed","ping_status":"closed","template":"","meta":{"inline_featured_image":false},"product_cat":[71,81],"product_tag":[],"yoast_head":"<!-- This site is optimized with the Yoast SEO plugin v19.10 - https:\/\/yoast.com\/wordpress\/plugins\/seo\/ -->\n<title>Harina de Platano Verde - Wanka Foods<\/title>\n<meta name=\"robots\" content=\"index, follow, max-snippet:-1, max-image-preview:large, max-video-preview:-1\" \/>\n<link rel=\"canonical\" href=\"https:\/\/superwankafoods.com\/es\/producto\/plantain-flour\/\" \/>\n<meta property=\"og:locale\" content=\"es_ES\" \/>\n<meta property=\"og:type\" content=\"article\" \/>\n<meta property=\"og:title\" content=\"Harina de Platano Verde - Wanka Foods\" \/>\n<meta property=\"og:description\" content=\"El pl\u00e1tano es una s\u00faper fruta que crece en la costa norte del Per\u00fa. Es un carbohidrato de buena calidad que ayuda a mantener la salud intestinal. La harina de pl\u00e1tano es una fuente natural de potasio, calcio y fibra. Tiene un color claro y un sabor ligero, con una textura realmente suave que lo [&hellip;]\" \/>\n<meta property=\"og:url\" content=\"https:\/\/superwankafoods.com\/es\/producto\/plantain-flour\/\" \/>\n<meta property=\"og:site_name\" content=\"Wanka Foods\" \/>\n<meta property=\"article:modified_time\" content=\"2022-09-13T02:17:59+00:00\" \/>\n<meta property=\"og:image\" content=\"https:\/\/superwankafoods.com\/wp-content\/uploads\/2022\/07\/Plantain-flour.jpg\" \/>\n\t<meta property=\"og:image:width\" content=\"800\" \/>\n\t<meta property=\"og:image:height\" content=\"800\" \/>\n\t<meta property=\"og:image:type\" content=\"image\/jpeg\" \/>\n<meta name=\"twitter:card\" content=\"summary_large_image\" \/>\n<script type=\"application\/ld+json\" class=\"yoast-schema-graph\">{\"@context\":\"https:\/\/schema.org\",\"@graph\":[{\"@type\":\"WebPage\",\"@id\":\"https:\/\/superwankafoods.com\/es\/producto\/plantain-flour\/\",\"url\":\"https:\/\/superwankafoods.com\/es\/producto\/plantain-flour\/\",\"name\":\"Harina de Platano Verde - Wanka Foods\",\"isPartOf\":{\"@id\":\"https:\/\/superwankafoods.com\/#website\"},\"datePublished\":\"2022-07-27T02:37:48+00:00\",\"dateModified\":\"2022-09-13T02:17:59+00:00\",\"breadcrumb\":{\"@id\":\"https:\/\/superwankafoods.com\/es\/producto\/plantain-flour\/#breadcrumb\"},\"inLanguage\":\"es\",\"potentialAction\":[{\"@type\":\"ReadAction\",\"target\":[\"https:\/\/superwankafoods.com\/es\/producto\/plantain-flour\/\"]}]},{\"@type\":\"BreadcrumbList\",\"@id\":\"https:\/\/superwankafoods.com\/es\/producto\/plantain-flour\/#breadcrumb\",\"itemListElement\":[{\"@type\":\"ListItem\",\"position\":1,\"name\":\"Home\",\"item\":\"https:\/\/superwankafoods.com\/es\/\"},{\"@type\":\"ListItem\",\"position\":2,\"name\":\"Tienda\",\"item\":\"https:\/\/superwankafoods.com\/es\/tienda-2\/\"},{\"@type\":\"ListItem\",\"position\":3,\"name\":\"Harina de Platano Verde\"}]},{\"@type\":\"WebSite\",\"@id\":\"https:\/\/superwankafoods.com\/#website\",\"url\":\"https:\/\/superwankafoods.com\/\",\"name\":\"Wanka Foods\",\"description\":\"\",\"publisher\":{\"@id\":\"https:\/\/superwankafoods.com\/#organization\"},\"potentialAction\":[{\"@type\":\"SearchAction\",\"target\":{\"@type\":\"EntryPoint\",\"urlTemplate\":\"https:\/\/superwankafoods.com\/?s={search_term_string}\"},\"query-input\":\"required name=search_term_string\"}],\"inLanguage\":\"es\"},{\"@type\":\"Organization\",\"@id\":\"https:\/\/superwankafoods.com\/#organization\",\"name\":\"Wanka Foods\",\"url\":\"https:\/\/superwankafoods.com\/\",\"logo\":{\"@type\":\"ImageObject\",\"inLanguage\":\"es\",\"@id\":\"https:\/\/superwankafoods.com\/#\/schema\/logo\/image\/\",\"url\":\"https:\/\/superwankafoods.com\/wp-content\/uploads\/2022\/07\/logotipo-wanka-foods.svg\",\"contentUrl\":\"https:\/\/superwankafoods.com\/wp-content\/uploads\/2022\/07\/logotipo-wanka-foods.svg\",\"width\":\"1024\",\"height\":\"1024\",\"caption\":\"Wanka Foods\"},\"image\":{\"@id\":\"https:\/\/superwankafoods.com\/#\/schema\/logo\/image\/\"},\"sameAs\":[\"https:\/\/www.instagram.com\/wankafoods\/\"]}]}<\/script>\n<!-- \/ Yoast SEO plugin. -->","yoast_head_json":{"title":"Harina de Platano Verde - Wanka Foods","robots":{"index":"index","follow":"follow","max-snippet":"max-snippet:-1","max-image-preview":"max-image-preview:large","max-video-preview":"max-video-preview:-1"},"canonical":"https:\/\/superwankafoods.com\/es\/producto\/plantain-flour\/","og_locale":"es_ES","og_type":"article","og_title":"Harina de Platano Verde - Wanka Foods","og_description":"El pl\u00e1tano es una s\u00faper fruta que crece en la costa norte del Per\u00fa. Es un carbohidrato de buena calidad que ayuda a mantener la salud intestinal. La harina de pl\u00e1tano es una fuente natural de potasio, calcio y fibra. Tiene un color claro y un sabor ligero, con una textura realmente suave que lo [&hellip;]","og_url":"https:\/\/superwankafoods.com\/es\/producto\/plantain-flour\/","og_site_name":"Wanka Foods","article_modified_time":"2022-09-13T02:17:59+00:00","og_image":[{"width":800,"height":800,"url":"https:\/\/superwankafoods.com\/wp-content\/uploads\/2022\/07\/Plantain-flour.jpg","type":"image\/jpeg"}],"twitter_card":"summary_large_image","schema":{"@context":"https:\/\/schema.org","@graph":[{"@type":"WebPage","@id":"https:\/\/superwankafoods.com\/es\/producto\/plantain-flour\/","url":"https:\/\/superwankafoods.com\/es\/producto\/plantain-flour\/","name":"Harina de Platano Verde - Wanka Foods","isPartOf":{"@id":"https:\/\/superwankafoods.com\/#website"},"datePublished":"2022-07-27T02:37:48+00:00","dateModified":"2022-09-13T02:17:59+00:00","breadcrumb":{"@id":"https:\/\/superwankafoods.com\/es\/producto\/plantain-flour\/#breadcrumb"},"inLanguage":"es","potentialAction":[{"@type":"ReadAction","target":["https:\/\/superwankafoods.com\/es\/producto\/plantain-flour\/"]}]},{"@type":"BreadcrumbList","@id":"https:\/\/superwankafoods.com\/es\/producto\/plantain-flour\/#breadcrumb","itemListElement":[{"@type":"ListItem","position":1,"name":"Home","item":"https:\/\/superwankafoods.com\/es\/"},{"@type":"ListItem","position":2,"name":"Tienda","item":"https:\/\/superwankafoods.com\/es\/tienda-2\/"},{"@type":"ListItem","position":3,"name":"Harina de Platano Verde"}]},{"@type":"WebSite","@id":"https:\/\/superwankafoods.com\/#website","url":"https:\/\/superwankafoods.com\/","name":"Wanka Foods","description":"","publisher":{"@id":"https:\/\/superwankafoods.com\/#organization"},"potentialAction":[{"@type":"SearchAction","target":{"@type":"EntryPoint","urlTemplate":"https:\/\/superwankafoods.com\/?s={search_term_string}"},"query-input":"required name=search_term_string"}],"inLanguage":"es"},{"@type":"Organization","@id":"https:\/\/superwankafoods.com\/#organization","name":"Wanka Foods","url":"https:\/\/superwankafoods.com\/","logo":{"@type":"ImageObject","inLanguage":"es","@id":"https:\/\/superwankafoods.com\/#\/schema\/logo\/image\/","url":"https:\/\/superwankafoods.com\/wp-content\/uploads\/2022\/07\/logotipo-wanka-foods.svg","contentUrl":"https:\/\/superwankafoods.com\/wp-content\/uploads\/2022\/07\/logotipo-wanka-foods.svg","width":"1024","height":"1024","caption":"Wanka Foods"},"image":{"@id":"https:\/\/superwankafoods.com\/#\/schema\/logo\/image\/"},"sameAs":["https:\/\/www.instagram.com\/wankafoods\/"]}]}},"_links":{"self":[{"href":"https:\/\/superwankafoods.com\/es\/wp-json\/wp\/v2\/product\/709"}],"collection":[{"href":"https:\/\/superwankafoods.com\/es\/wp-json\/wp\/v2\/product"}],"about":[{"href":"https:\/\/superwankafoods.com\/es\/wp-json\/wp\/v2\/types\/product"}],"replies":[{"embeddable":true,"href":"https:\/\/superwankafoods.com\/es\/wp-json\/wp\/v2\/comments?post=709"}],"wp:featuredmedia":[{"embeddable":true,"href":"https:\/\/superwankafoods.com\/es\/wp-json\/wp\/v2\/media\/537"}],"wp:attachment":[{"href":"https:\/\/superwankafoods.com\/es\/wp-json\/wp\/v2\/media?parent=709"}],"wp:term":[{"taxonomy":"product_cat","embeddable":true,"href":"https:\/\/superwankafoods.com\/es\/wp-json\/wp\/v2\/product_cat?post=709"},{"taxonomy":"product_tag","embeddable":true,"href":"https:\/\/superwankafoods.com\/es\/wp-json\/wp\/v2\/product_tag?post=709"}],"curies":[{"name":"wp","href":"https:\/\/api.w.org\/{rel}","templated":true}]}}