{"id":708,"date":"2022-07-26T21:41:06","date_gmt":"2022-07-27T02:41:06","guid":{"rendered":"https:\/\/wanka.althus.pe\/producto\/organic-turmeric-powder\/"},"modified":"2022-09-12T21:17:43","modified_gmt":"2022-09-13T02:17:43","slug":"organic-turmeric-powder","status":"publish","type":"product","link":"https:\/\/superwankafoods.com\/es\/producto\/organic-turmeric-powder\/","title":{"rendered":"Organic Turmeric Powder"},"content":{"rendered":"<p>Es un antiguo superalimento mundialmente conocido que se usa tanto en forma natural medicina<br \/>\ny en m\u00faltiples recetas culinarias. Es conocido por<br \/>\nque contiene curcumina, un compuesto que tiene propiedades antioxidantes<br \/>\ny efectos beneficiosas para nuestra salud. Nuestra C\u00farcuma proviene de las monta\u00f1as peruanas y ha pasado por un tratamiento t\u00e9rmico a base de vapor de agua caliente que garantiza una esterilizaci\u00f3n y\/o desinfecci\u00f3n natural y libre de qu\u00edmicos, asegurando as\u00ed la reducci\u00f3n de la carga microbiana.<\/p>\n","protected":false},"excerpt":{"rendered":"<p>Es un antiguo superalimento mundialmente conocido que se usa tanto en forma natural medicina y en m\u00faltiples recetas culinarias. Es conocido por que contiene curcumina, un compuesto que tiene propiedades antioxidantes y efectos beneficiosas para nuestra salud. Nuestra C\u00farcuma proviene de las monta\u00f1as peruanas y ha pasado por un tratamiento t\u00e9rmico a base de vapor [&hellip;]<\/p>\n","protected":false},"featured_media":541,"comment_status":"closed","ping_status":"closed","template":"","meta":{"inline_featured_image":false},"product_cat":[68,72,81],"product_tag":[],"yoast_head":"<!-- This site is optimized with the Yoast SEO plugin v19.10 - https:\/\/yoast.com\/wordpress\/plugins\/seo\/ -->\n<title>Organic Turmeric Powder - Wanka Foods<\/title>\n<meta name=\"robots\" content=\"index, follow, max-snippet:-1, max-image-preview:large, max-video-preview:-1\" \/>\n<link rel=\"canonical\" href=\"https:\/\/superwankafoods.com\/es\/producto\/organic-turmeric-powder\/\" \/>\n<meta property=\"og:locale\" content=\"es_ES\" \/>\n<meta property=\"og:type\" content=\"article\" \/>\n<meta property=\"og:title\" content=\"Organic Turmeric Powder - Wanka Foods\" \/>\n<meta property=\"og:description\" content=\"Es un antiguo superalimento mundialmente conocido que se usa tanto en forma natural medicina y en m\u00faltiples recetas culinarias. Es conocido por que contiene curcumina, un compuesto que tiene propiedades antioxidantes y efectos beneficiosas para nuestra salud. Nuestra C\u00farcuma proviene de las monta\u00f1as peruanas y ha pasado por un tratamiento t\u00e9rmico a base de vapor [&hellip;]\" \/>\n<meta property=\"og:url\" content=\"https:\/\/superwankafoods.com\/es\/producto\/organic-turmeric-powder\/\" \/>\n<meta property=\"og:site_name\" content=\"Wanka Foods\" \/>\n<meta property=\"article:modified_time\" content=\"2022-09-13T02:17:43+00:00\" \/>\n<meta property=\"og:image\" content=\"https:\/\/superwankafoods.com\/wp-content\/uploads\/2022\/07\/organic-turmeric-powder.jpg\" \/>\n\t<meta property=\"og:image:width\" content=\"800\" \/>\n\t<meta property=\"og:image:height\" content=\"800\" \/>\n\t<meta property=\"og:image:type\" content=\"image\/jpeg\" \/>\n<meta name=\"twitter:card\" content=\"summary_large_image\" \/>\n<script type=\"application\/ld+json\" class=\"yoast-schema-graph\">{\"@context\":\"https:\/\/schema.org\",\"@graph\":[{\"@type\":\"WebPage\",\"@id\":\"https:\/\/superwankafoods.com\/es\/producto\/organic-turmeric-powder\/\",\"url\":\"https:\/\/superwankafoods.com\/es\/producto\/organic-turmeric-powder\/\",\"name\":\"Organic Turmeric Powder - Wanka Foods\",\"isPartOf\":{\"@id\":\"https:\/\/superwankafoods.com\/#website\"},\"datePublished\":\"2022-07-27T02:41:06+00:00\",\"dateModified\":\"2022-09-13T02:17:43+00:00\",\"breadcrumb\":{\"@id\":\"https:\/\/superwankafoods.com\/es\/producto\/organic-turmeric-powder\/#breadcrumb\"},\"inLanguage\":\"es\",\"potentialAction\":[{\"@type\":\"ReadAction\",\"target\":[\"https:\/\/superwankafoods.com\/es\/producto\/organic-turmeric-powder\/\"]}]},{\"@type\":\"BreadcrumbList\",\"@id\":\"https:\/\/superwankafoods.com\/es\/producto\/organic-turmeric-powder\/#breadcrumb\",\"itemListElement\":[{\"@type\":\"ListItem\",\"position\":1,\"name\":\"Home\",\"item\":\"https:\/\/superwankafoods.com\/es\/\"},{\"@type\":\"ListItem\",\"position\":2,\"name\":\"Tienda\",\"item\":\"https:\/\/superwankafoods.com\/es\/tienda-2\/\"},{\"@type\":\"ListItem\",\"position\":3,\"name\":\"Organic Turmeric Powder\"}]},{\"@type\":\"WebSite\",\"@id\":\"https:\/\/superwankafoods.com\/#website\",\"url\":\"https:\/\/superwankafoods.com\/\",\"name\":\"Wanka Foods\",\"description\":\"\",\"publisher\":{\"@id\":\"https:\/\/superwankafoods.com\/#organization\"},\"potentialAction\":[{\"@type\":\"SearchAction\",\"target\":{\"@type\":\"EntryPoint\",\"urlTemplate\":\"https:\/\/superwankafoods.com\/?s={search_term_string}\"},\"query-input\":\"required name=search_term_string\"}],\"inLanguage\":\"es\"},{\"@type\":\"Organization\",\"@id\":\"https:\/\/superwankafoods.com\/#organization\",\"name\":\"Wanka Foods\",\"url\":\"https:\/\/superwankafoods.com\/\",\"logo\":{\"@type\":\"ImageObject\",\"inLanguage\":\"es\",\"@id\":\"https:\/\/superwankafoods.com\/#\/schema\/logo\/image\/\",\"url\":\"https:\/\/superwankafoods.com\/wp-content\/uploads\/2022\/07\/logotipo-wanka-foods.svg\",\"contentUrl\":\"https:\/\/superwankafoods.com\/wp-content\/uploads\/2022\/07\/logotipo-wanka-foods.svg\",\"width\":\"1024\",\"height\":\"1024\",\"caption\":\"Wanka Foods\"},\"image\":{\"@id\":\"https:\/\/superwankafoods.com\/#\/schema\/logo\/image\/\"},\"sameAs\":[\"https:\/\/www.instagram.com\/wankafoods\/\"]}]}<\/script>\n<!-- \/ Yoast SEO plugin. -->","yoast_head_json":{"title":"Organic Turmeric Powder - Wanka Foods","robots":{"index":"index","follow":"follow","max-snippet":"max-snippet:-1","max-image-preview":"max-image-preview:large","max-video-preview":"max-video-preview:-1"},"canonical":"https:\/\/superwankafoods.com\/es\/producto\/organic-turmeric-powder\/","og_locale":"es_ES","og_type":"article","og_title":"Organic Turmeric Powder - Wanka Foods","og_description":"Es un antiguo superalimento mundialmente conocido que se usa tanto en forma natural medicina y en m\u00faltiples recetas culinarias. Es conocido por que contiene curcumina, un compuesto que tiene propiedades antioxidantes y efectos beneficiosas para nuestra salud. Nuestra C\u00farcuma proviene de las monta\u00f1as peruanas y ha pasado por un tratamiento t\u00e9rmico a base de vapor [&hellip;]","og_url":"https:\/\/superwankafoods.com\/es\/producto\/organic-turmeric-powder\/","og_site_name":"Wanka Foods","article_modified_time":"2022-09-13T02:17:43+00:00","og_image":[{"width":800,"height":800,"url":"https:\/\/superwankafoods.com\/wp-content\/uploads\/2022\/07\/organic-turmeric-powder.jpg","type":"image\/jpeg"}],"twitter_card":"summary_large_image","schema":{"@context":"https:\/\/schema.org","@graph":[{"@type":"WebPage","@id":"https:\/\/superwankafoods.com\/es\/producto\/organic-turmeric-powder\/","url":"https:\/\/superwankafoods.com\/es\/producto\/organic-turmeric-powder\/","name":"Organic Turmeric Powder - Wanka Foods","isPartOf":{"@id":"https:\/\/superwankafoods.com\/#website"},"datePublished":"2022-07-27T02:41:06+00:00","dateModified":"2022-09-13T02:17:43+00:00","breadcrumb":{"@id":"https:\/\/superwankafoods.com\/es\/producto\/organic-turmeric-powder\/#breadcrumb"},"inLanguage":"es","potentialAction":[{"@type":"ReadAction","target":["https:\/\/superwankafoods.com\/es\/producto\/organic-turmeric-powder\/"]}]},{"@type":"BreadcrumbList","@id":"https:\/\/superwankafoods.com\/es\/producto\/organic-turmeric-powder\/#breadcrumb","itemListElement":[{"@type":"ListItem","position":1,"name":"Home","item":"https:\/\/superwankafoods.com\/es\/"},{"@type":"ListItem","position":2,"name":"Tienda","item":"https:\/\/superwankafoods.com\/es\/tienda-2\/"},{"@type":"ListItem","position":3,"name":"Organic Turmeric Powder"}]},{"@type":"WebSite","@id":"https:\/\/superwankafoods.com\/#website","url":"https:\/\/superwankafoods.com\/","name":"Wanka Foods","description":"","publisher":{"@id":"https:\/\/superwankafoods.com\/#organization"},"potentialAction":[{"@type":"SearchAction","target":{"@type":"EntryPoint","urlTemplate":"https:\/\/superwankafoods.com\/?s={search_term_string}"},"query-input":"required name=search_term_string"}],"inLanguage":"es"},{"@type":"Organization","@id":"https:\/\/superwankafoods.com\/#organization","name":"Wanka Foods","url":"https:\/\/superwankafoods.com\/","logo":{"@type":"ImageObject","inLanguage":"es","@id":"https:\/\/superwankafoods.com\/#\/schema\/logo\/image\/","url":"https:\/\/superwankafoods.com\/wp-content\/uploads\/2022\/07\/logotipo-wanka-foods.svg","contentUrl":"https:\/\/superwankafoods.com\/wp-content\/uploads\/2022\/07\/logotipo-wanka-foods.svg","width":"1024","height":"1024","caption":"Wanka Foods"},"image":{"@id":"https:\/\/superwankafoods.com\/#\/schema\/logo\/image\/"},"sameAs":["https:\/\/www.instagram.com\/wankafoods\/"]}]}},"_links":{"self":[{"href":"https:\/\/superwankafoods.com\/es\/wp-json\/wp\/v2\/product\/708"}],"collection":[{"href":"https:\/\/superwankafoods.com\/es\/wp-json\/wp\/v2\/product"}],"about":[{"href":"https:\/\/superwankafoods.com\/es\/wp-json\/wp\/v2\/types\/product"}],"replies":[{"embeddable":true,"href":"https:\/\/superwankafoods.com\/es\/wp-json\/wp\/v2\/comments?post=708"}],"wp:featuredmedia":[{"embeddable":true,"href":"https:\/\/superwankafoods.com\/es\/wp-json\/wp\/v2\/media\/541"}],"wp:attachment":[{"href":"https:\/\/superwankafoods.com\/es\/wp-json\/wp\/v2\/media?parent=708"}],"wp:term":[{"taxonomy":"product_cat","embeddable":true,"href":"https:\/\/superwankafoods.com\/es\/wp-json\/wp\/v2\/product_cat?post=708"},{"taxonomy":"product_tag","embeddable":true,"href":"https:\/\/superwankafoods.com\/es\/wp-json\/wp\/v2\/product_tag?post=708"}],"curies":[{"name":"wp","href":"https:\/\/api.w.org\/{rel}","templated":true}]}}