{"id":703,"date":"2022-07-26T21:44:21","date_gmt":"2022-07-27T02:44:21","guid":{"rendered":"https:\/\/wanka.althus.pe\/producto\/maiz-morado-en-polvo\/"},"modified":"2022-09-12T21:16:13","modified_gmt":"2022-09-13T02:16:13","slug":"purple-corn-flour","status":"publish","type":"product","link":"https:\/\/superwankafoods.com\/es\/producto\/purple-corn-flour\/","title":{"rendered":"Maiz Morado en Polvo"},"content":{"rendered":"<p>El Ma\u00edz Morado es un Supergrano de Origen Peruano que crece en los Andes hasta los 3.000 m.s.n.m. El Ma\u00edz Morado es una fuente de antocianinas, un antioxidante natural que le da al ma\u00edz morado un color p\u00farpura fuerte. Por su textura y sabor suave, es ideal para panader\u00eda y pasteler\u00eda y para la elaboraci\u00f3n de bebidas instant\u00e1neas.<\/p>\n","protected":false},"excerpt":{"rendered":"<p>El Ma\u00edz Morado es un Supergrano de Origen Peruano que crece en los Andes hasta los 3.000 m.s.n.m. El Ma\u00edz Morado es una fuente de antocianinas, un antioxidante natural que le da al ma\u00edz morado un color p\u00farpura fuerte. Por su textura y sabor suave, es ideal para panader\u00eda y pasteler\u00eda y para la elaboraci\u00f3n [&hellip;]<\/p>\n","protected":false},"featured_media":535,"comment_status":"closed","ping_status":"closed","template":"","meta":{"inline_featured_image":false},"product_cat":[69,81],"product_tag":[],"yoast_head":"<!-- This site is optimized with the Yoast SEO plugin v19.10 - https:\/\/yoast.com\/wordpress\/plugins\/seo\/ -->\n<title>Maiz Morado en Polvo - Wanka Foods<\/title>\n<meta name=\"robots\" content=\"index, follow, max-snippet:-1, max-image-preview:large, max-video-preview:-1\" \/>\n<link rel=\"canonical\" href=\"https:\/\/superwankafoods.com\/es\/producto\/purple-corn-flour\/\" \/>\n<meta property=\"og:locale\" content=\"es_ES\" \/>\n<meta property=\"og:type\" content=\"article\" \/>\n<meta property=\"og:title\" content=\"Maiz Morado en Polvo - Wanka Foods\" \/>\n<meta property=\"og:description\" content=\"El Ma\u00edz Morado es un Supergrano de Origen Peruano que crece en los Andes hasta los 3.000 m.s.n.m. El Ma\u00edz Morado es una fuente de antocianinas, un antioxidante natural que le da al ma\u00edz morado un color p\u00farpura fuerte. Por su textura y sabor suave, es ideal para panader\u00eda y pasteler\u00eda y para la elaboraci\u00f3n [&hellip;]\" \/>\n<meta property=\"og:url\" content=\"https:\/\/superwankafoods.com\/es\/producto\/purple-corn-flour\/\" \/>\n<meta property=\"og:site_name\" content=\"Wanka Foods\" \/>\n<meta property=\"article:modified_time\" content=\"2022-09-13T02:16:13+00:00\" \/>\n<meta property=\"og:image\" content=\"https:\/\/superwankafoods.com\/wp-content\/uploads\/2022\/07\/purple-corn-flour.jpg\" \/>\n\t<meta property=\"og:image:width\" content=\"800\" \/>\n\t<meta property=\"og:image:height\" content=\"800\" \/>\n\t<meta property=\"og:image:type\" content=\"image\/jpeg\" \/>\n<meta name=\"twitter:card\" content=\"summary_large_image\" \/>\n<script type=\"application\/ld+json\" class=\"yoast-schema-graph\">{\"@context\":\"https:\/\/schema.org\",\"@graph\":[{\"@type\":\"WebPage\",\"@id\":\"https:\/\/superwankafoods.com\/es\/producto\/purple-corn-flour\/\",\"url\":\"https:\/\/superwankafoods.com\/es\/producto\/purple-corn-flour\/\",\"name\":\"Maiz Morado en Polvo - Wanka Foods\",\"isPartOf\":{\"@id\":\"https:\/\/superwankafoods.com\/#website\"},\"datePublished\":\"2022-07-27T02:44:21+00:00\",\"dateModified\":\"2022-09-13T02:16:13+00:00\",\"breadcrumb\":{\"@id\":\"https:\/\/superwankafoods.com\/es\/producto\/purple-corn-flour\/#breadcrumb\"},\"inLanguage\":\"es\",\"potentialAction\":[{\"@type\":\"ReadAction\",\"target\":[\"https:\/\/superwankafoods.com\/es\/producto\/purple-corn-flour\/\"]}]},{\"@type\":\"BreadcrumbList\",\"@id\":\"https:\/\/superwankafoods.com\/es\/producto\/purple-corn-flour\/#breadcrumb\",\"itemListElement\":[{\"@type\":\"ListItem\",\"position\":1,\"name\":\"Home\",\"item\":\"https:\/\/superwankafoods.com\/es\/\"},{\"@type\":\"ListItem\",\"position\":2,\"name\":\"Tienda\",\"item\":\"https:\/\/superwankafoods.com\/es\/tienda-2\/\"},{\"@type\":\"ListItem\",\"position\":3,\"name\":\"Maiz Morado en Polvo\"}]},{\"@type\":\"WebSite\",\"@id\":\"https:\/\/superwankafoods.com\/#website\",\"url\":\"https:\/\/superwankafoods.com\/\",\"name\":\"Wanka Foods\",\"description\":\"\",\"publisher\":{\"@id\":\"https:\/\/superwankafoods.com\/#organization\"},\"potentialAction\":[{\"@type\":\"SearchAction\",\"target\":{\"@type\":\"EntryPoint\",\"urlTemplate\":\"https:\/\/superwankafoods.com\/?s={search_term_string}\"},\"query-input\":\"required name=search_term_string\"}],\"inLanguage\":\"es\"},{\"@type\":\"Organization\",\"@id\":\"https:\/\/superwankafoods.com\/#organization\",\"name\":\"Wanka Foods\",\"url\":\"https:\/\/superwankafoods.com\/\",\"logo\":{\"@type\":\"ImageObject\",\"inLanguage\":\"es\",\"@id\":\"https:\/\/superwankafoods.com\/#\/schema\/logo\/image\/\",\"url\":\"https:\/\/superwankafoods.com\/wp-content\/uploads\/2022\/07\/logotipo-wanka-foods.svg\",\"contentUrl\":\"https:\/\/superwankafoods.com\/wp-content\/uploads\/2022\/07\/logotipo-wanka-foods.svg\",\"width\":\"1024\",\"height\":\"1024\",\"caption\":\"Wanka Foods\"},\"image\":{\"@id\":\"https:\/\/superwankafoods.com\/#\/schema\/logo\/image\/\"},\"sameAs\":[\"https:\/\/www.instagram.com\/wankafoods\/\"]}]}<\/script>\n<!-- \/ Yoast SEO plugin. -->","yoast_head_json":{"title":"Maiz Morado en Polvo - Wanka Foods","robots":{"index":"index","follow":"follow","max-snippet":"max-snippet:-1","max-image-preview":"max-image-preview:large","max-video-preview":"max-video-preview:-1"},"canonical":"https:\/\/superwankafoods.com\/es\/producto\/purple-corn-flour\/","og_locale":"es_ES","og_type":"article","og_title":"Maiz Morado en Polvo - Wanka Foods","og_description":"El Ma\u00edz Morado es un Supergrano de Origen Peruano que crece en los Andes hasta los 3.000 m.s.n.m. El Ma\u00edz Morado es una fuente de antocianinas, un antioxidante natural que le da al ma\u00edz morado un color p\u00farpura fuerte. Por su textura y sabor suave, es ideal para panader\u00eda y pasteler\u00eda y para la elaboraci\u00f3n [&hellip;]","og_url":"https:\/\/superwankafoods.com\/es\/producto\/purple-corn-flour\/","og_site_name":"Wanka Foods","article_modified_time":"2022-09-13T02:16:13+00:00","og_image":[{"width":800,"height":800,"url":"https:\/\/superwankafoods.com\/wp-content\/uploads\/2022\/07\/purple-corn-flour.jpg","type":"image\/jpeg"}],"twitter_card":"summary_large_image","schema":{"@context":"https:\/\/schema.org","@graph":[{"@type":"WebPage","@id":"https:\/\/superwankafoods.com\/es\/producto\/purple-corn-flour\/","url":"https:\/\/superwankafoods.com\/es\/producto\/purple-corn-flour\/","name":"Maiz Morado en Polvo - Wanka Foods","isPartOf":{"@id":"https:\/\/superwankafoods.com\/#website"},"datePublished":"2022-07-27T02:44:21+00:00","dateModified":"2022-09-13T02:16:13+00:00","breadcrumb":{"@id":"https:\/\/superwankafoods.com\/es\/producto\/purple-corn-flour\/#breadcrumb"},"inLanguage":"es","potentialAction":[{"@type":"ReadAction","target":["https:\/\/superwankafoods.com\/es\/producto\/purple-corn-flour\/"]}]},{"@type":"BreadcrumbList","@id":"https:\/\/superwankafoods.com\/es\/producto\/purple-corn-flour\/#breadcrumb","itemListElement":[{"@type":"ListItem","position":1,"name":"Home","item":"https:\/\/superwankafoods.com\/es\/"},{"@type":"ListItem","position":2,"name":"Tienda","item":"https:\/\/superwankafoods.com\/es\/tienda-2\/"},{"@type":"ListItem","position":3,"name":"Maiz Morado en Polvo"}]},{"@type":"WebSite","@id":"https:\/\/superwankafoods.com\/#website","url":"https:\/\/superwankafoods.com\/","name":"Wanka Foods","description":"","publisher":{"@id":"https:\/\/superwankafoods.com\/#organization"},"potentialAction":[{"@type":"SearchAction","target":{"@type":"EntryPoint","urlTemplate":"https:\/\/superwankafoods.com\/?s={search_term_string}"},"query-input":"required name=search_term_string"}],"inLanguage":"es"},{"@type":"Organization","@id":"https:\/\/superwankafoods.com\/#organization","name":"Wanka Foods","url":"https:\/\/superwankafoods.com\/","logo":{"@type":"ImageObject","inLanguage":"es","@id":"https:\/\/superwankafoods.com\/#\/schema\/logo\/image\/","url":"https:\/\/superwankafoods.com\/wp-content\/uploads\/2022\/07\/logotipo-wanka-foods.svg","contentUrl":"https:\/\/superwankafoods.com\/wp-content\/uploads\/2022\/07\/logotipo-wanka-foods.svg","width":"1024","height":"1024","caption":"Wanka Foods"},"image":{"@id":"https:\/\/superwankafoods.com\/#\/schema\/logo\/image\/"},"sameAs":["https:\/\/www.instagram.com\/wankafoods\/"]}]}},"_links":{"self":[{"href":"https:\/\/superwankafoods.com\/es\/wp-json\/wp\/v2\/product\/703"}],"collection":[{"href":"https:\/\/superwankafoods.com\/es\/wp-json\/wp\/v2\/product"}],"about":[{"href":"https:\/\/superwankafoods.com\/es\/wp-json\/wp\/v2\/types\/product"}],"replies":[{"embeddable":true,"href":"https:\/\/superwankafoods.com\/es\/wp-json\/wp\/v2\/comments?post=703"}],"wp:featuredmedia":[{"embeddable":true,"href":"https:\/\/superwankafoods.com\/es\/wp-json\/wp\/v2\/media\/535"}],"wp:attachment":[{"href":"https:\/\/superwankafoods.com\/es\/wp-json\/wp\/v2\/media?parent=703"}],"wp:term":[{"taxonomy":"product_cat","embeddable":true,"href":"https:\/\/superwankafoods.com\/es\/wp-json\/wp\/v2\/product_cat?post=703"},{"taxonomy":"product_tag","embeddable":true,"href":"https:\/\/superwankafoods.com\/es\/wp-json\/wp\/v2\/product_tag?post=703"}],"curies":[{"name":"wp","href":"https:\/\/api.w.org\/{rel}","templated":true}]}}