{"id":693,"date":"2022-07-26T22:06:37","date_gmt":"2022-07-27T03:06:37","guid":{"rendered":"https:\/\/wanka.althus.pe\/producto\/villa-rica-specialty-coffee\/"},"modified":"2022-09-09T11:26:41","modified_gmt":"2022-09-09T16:26:41","slug":"villa-rica-specialty-coffee","status":"publish","type":"product","link":"https:\/\/superwankafoods.com\/es\/producto\/villa-rica-specialty-coffee\/","title":{"rendered":"Villa Rica Specialty Coffee"},"content":{"rendered":"<p>Este caf\u00e9 ha sido cosechado y tostado en Villa Rica \u2013 Pasco, un pueblo cafetalero especial en medio del \u00faltimo ecosistema no perturbado de la selva central del Per\u00fa, la Reserva de la Biosfera Oxapampa-Ashaninka-Yanesha. Cada grano de caf\u00e9 cultivado en esta regi\u00f3n ha sido cultivado de manera sostenible para proteger las \u00e1reas naturales y las culturas ind\u00edgenas del lugar.<\/p>\n<p>Una mezcla de culturas, paisajes impresionantes y una flora y fauna incre\u00edblemente diversa, hacen de Villa Rica un pueblo vibrante y \u00fanico, hogar de familias trabajadoras y orgullosas donde el 90% de ellas dedican su vida a la industria de caf\u00e9.<br \/>\nNuestro objetivo es honrar su herencia y tradici\u00f3n compartiendo con el mundo un poco de la cultura y la riqueza de Villa Rica a trav\u00e9s de una gran taza de este caf\u00e9 especial de origen \u00fanico.<\/p>\n","protected":false},"excerpt":{"rendered":"<p>Este caf\u00e9 ha sido cosechado y tostado en Villa Rica \u2013 Pasco, un pueblo cafetalero especial en medio del \u00faltimo ecosistema no perturbado de la selva central del Per\u00fa, la Reserva de la Biosfera Oxapampa-Ashaninka-Yanesha. Cada grano de caf\u00e9 cultivado en esta regi\u00f3n ha sido cultivado de manera sostenible para proteger las \u00e1reas naturales y [&hellip;]<\/p>\n","protected":false},"featured_media":529,"comment_status":"closed","ping_status":"closed","template":"","meta":{"inline_featured_image":false},"product_cat":[73,79,71],"product_tag":[],"yoast_head":"<!-- This site is optimized with the Yoast SEO plugin v19.10 - https:\/\/yoast.com\/wordpress\/plugins\/seo\/ -->\n<title>Villa Rica Specialty Coffee - Wanka Foods<\/title>\n<meta name=\"robots\" content=\"index, follow, max-snippet:-1, max-image-preview:large, max-video-preview:-1\" \/>\n<link rel=\"canonical\" href=\"https:\/\/superwankafoods.com\/es\/producto\/villa-rica-specialty-coffee\/\" \/>\n<meta property=\"og:locale\" content=\"es_ES\" \/>\n<meta property=\"og:type\" content=\"article\" \/>\n<meta property=\"og:title\" content=\"Villa Rica Specialty Coffee - Wanka Foods\" \/>\n<meta property=\"og:description\" content=\"Este caf\u00e9 ha sido cosechado y tostado en Villa Rica \u2013 Pasco, un pueblo cafetalero especial en medio del \u00faltimo ecosistema no perturbado de la selva central del Per\u00fa, la Reserva de la Biosfera Oxapampa-Ashaninka-Yanesha. Cada grano de caf\u00e9 cultivado en esta regi\u00f3n ha sido cultivado de manera sostenible para proteger las \u00e1reas naturales y [&hellip;]\" \/>\n<meta property=\"og:url\" content=\"https:\/\/superwankafoods.com\/es\/producto\/villa-rica-specialty-coffee\/\" \/>\n<meta property=\"og:site_name\" content=\"Wanka Foods\" \/>\n<meta property=\"article:modified_time\" content=\"2022-09-09T16:26:41+00:00\" \/>\n<meta property=\"og:image\" content=\"https:\/\/superwankafoods.com\/wp-content\/uploads\/2022\/07\/dummie-specialty-coffee-ground.jpg\" \/>\n\t<meta property=\"og:image:width\" content=\"800\" \/>\n\t<meta property=\"og:image:height\" content=\"800\" \/>\n\t<meta property=\"og:image:type\" content=\"image\/jpeg\" \/>\n<meta name=\"twitter:card\" content=\"summary_large_image\" \/>\n<meta name=\"twitter:label1\" content=\"Tiempo de lectura\" \/>\n\t<meta name=\"twitter:data1\" content=\"1 minuto\" \/>\n<script type=\"application\/ld+json\" class=\"yoast-schema-graph\">{\"@context\":\"https:\/\/schema.org\",\"@graph\":[{\"@type\":\"WebPage\",\"@id\":\"https:\/\/superwankafoods.com\/es\/producto\/villa-rica-specialty-coffee\/\",\"url\":\"https:\/\/superwankafoods.com\/es\/producto\/villa-rica-specialty-coffee\/\",\"name\":\"Villa Rica Specialty Coffee - Wanka Foods\",\"isPartOf\":{\"@id\":\"https:\/\/superwankafoods.com\/#website\"},\"datePublished\":\"2022-07-27T03:06:37+00:00\",\"dateModified\":\"2022-09-09T16:26:41+00:00\",\"breadcrumb\":{\"@id\":\"https:\/\/superwankafoods.com\/es\/producto\/villa-rica-specialty-coffee\/#breadcrumb\"},\"inLanguage\":\"es\",\"potentialAction\":[{\"@type\":\"ReadAction\",\"target\":[\"https:\/\/superwankafoods.com\/es\/producto\/villa-rica-specialty-coffee\/\"]}]},{\"@type\":\"BreadcrumbList\",\"@id\":\"https:\/\/superwankafoods.com\/es\/producto\/villa-rica-specialty-coffee\/#breadcrumb\",\"itemListElement\":[{\"@type\":\"ListItem\",\"position\":1,\"name\":\"Home\",\"item\":\"https:\/\/superwankafoods.com\/es\/\"},{\"@type\":\"ListItem\",\"position\":2,\"name\":\"Tienda\",\"item\":\"https:\/\/superwankafoods.com\/es\/tienda-2\/\"},{\"@type\":\"ListItem\",\"position\":3,\"name\":\"Villa Rica Specialty Coffee\"}]},{\"@type\":\"WebSite\",\"@id\":\"https:\/\/superwankafoods.com\/#website\",\"url\":\"https:\/\/superwankafoods.com\/\",\"name\":\"Wanka Foods\",\"description\":\"\",\"publisher\":{\"@id\":\"https:\/\/superwankafoods.com\/#organization\"},\"potentialAction\":[{\"@type\":\"SearchAction\",\"target\":{\"@type\":\"EntryPoint\",\"urlTemplate\":\"https:\/\/superwankafoods.com\/?s={search_term_string}\"},\"query-input\":\"required name=search_term_string\"}],\"inLanguage\":\"es\"},{\"@type\":\"Organization\",\"@id\":\"https:\/\/superwankafoods.com\/#organization\",\"name\":\"Wanka Foods\",\"url\":\"https:\/\/superwankafoods.com\/\",\"logo\":{\"@type\":\"ImageObject\",\"inLanguage\":\"es\",\"@id\":\"https:\/\/superwankafoods.com\/#\/schema\/logo\/image\/\",\"url\":\"https:\/\/superwankafoods.com\/wp-content\/uploads\/2022\/07\/logotipo-wanka-foods.svg\",\"contentUrl\":\"https:\/\/superwankafoods.com\/wp-content\/uploads\/2022\/07\/logotipo-wanka-foods.svg\",\"width\":\"1024\",\"height\":\"1024\",\"caption\":\"Wanka Foods\"},\"image\":{\"@id\":\"https:\/\/superwankafoods.com\/#\/schema\/logo\/image\/\"},\"sameAs\":[\"https:\/\/www.instagram.com\/wankafoods\/\"]}]}<\/script>\n<!-- \/ Yoast SEO plugin. -->","yoast_head_json":{"title":"Villa Rica Specialty Coffee - Wanka Foods","robots":{"index":"index","follow":"follow","max-snippet":"max-snippet:-1","max-image-preview":"max-image-preview:large","max-video-preview":"max-video-preview:-1"},"canonical":"https:\/\/superwankafoods.com\/es\/producto\/villa-rica-specialty-coffee\/","og_locale":"es_ES","og_type":"article","og_title":"Villa Rica Specialty Coffee - Wanka Foods","og_description":"Este caf\u00e9 ha sido cosechado y tostado en Villa Rica \u2013 Pasco, un pueblo cafetalero especial en medio del \u00faltimo ecosistema no perturbado de la selva central del Per\u00fa, la Reserva de la Biosfera Oxapampa-Ashaninka-Yanesha. Cada grano de caf\u00e9 cultivado en esta regi\u00f3n ha sido cultivado de manera sostenible para proteger las \u00e1reas naturales y [&hellip;]","og_url":"https:\/\/superwankafoods.com\/es\/producto\/villa-rica-specialty-coffee\/","og_site_name":"Wanka Foods","article_modified_time":"2022-09-09T16:26:41+00:00","og_image":[{"width":800,"height":800,"url":"https:\/\/superwankafoods.com\/wp-content\/uploads\/2022\/07\/dummie-specialty-coffee-ground.jpg","type":"image\/jpeg"}],"twitter_card":"summary_large_image","twitter_misc":{"Tiempo de lectura":"1 minuto"},"schema":{"@context":"https:\/\/schema.org","@graph":[{"@type":"WebPage","@id":"https:\/\/superwankafoods.com\/es\/producto\/villa-rica-specialty-coffee\/","url":"https:\/\/superwankafoods.com\/es\/producto\/villa-rica-specialty-coffee\/","name":"Villa Rica Specialty Coffee - Wanka Foods","isPartOf":{"@id":"https:\/\/superwankafoods.com\/#website"},"datePublished":"2022-07-27T03:06:37+00:00","dateModified":"2022-09-09T16:26:41+00:00","breadcrumb":{"@id":"https:\/\/superwankafoods.com\/es\/producto\/villa-rica-specialty-coffee\/#breadcrumb"},"inLanguage":"es","potentialAction":[{"@type":"ReadAction","target":["https:\/\/superwankafoods.com\/es\/producto\/villa-rica-specialty-coffee\/"]}]},{"@type":"BreadcrumbList","@id":"https:\/\/superwankafoods.com\/es\/producto\/villa-rica-specialty-coffee\/#breadcrumb","itemListElement":[{"@type":"ListItem","position":1,"name":"Home","item":"https:\/\/superwankafoods.com\/es\/"},{"@type":"ListItem","position":2,"name":"Tienda","item":"https:\/\/superwankafoods.com\/es\/tienda-2\/"},{"@type":"ListItem","position":3,"name":"Villa Rica Specialty Coffee"}]},{"@type":"WebSite","@id":"https:\/\/superwankafoods.com\/#website","url":"https:\/\/superwankafoods.com\/","name":"Wanka Foods","description":"","publisher":{"@id":"https:\/\/superwankafoods.com\/#organization"},"potentialAction":[{"@type":"SearchAction","target":{"@type":"EntryPoint","urlTemplate":"https:\/\/superwankafoods.com\/?s={search_term_string}"},"query-input":"required name=search_term_string"}],"inLanguage":"es"},{"@type":"Organization","@id":"https:\/\/superwankafoods.com\/#organization","name":"Wanka Foods","url":"https:\/\/superwankafoods.com\/","logo":{"@type":"ImageObject","inLanguage":"es","@id":"https:\/\/superwankafoods.com\/#\/schema\/logo\/image\/","url":"https:\/\/superwankafoods.com\/wp-content\/uploads\/2022\/07\/logotipo-wanka-foods.svg","contentUrl":"https:\/\/superwankafoods.com\/wp-content\/uploads\/2022\/07\/logotipo-wanka-foods.svg","width":"1024","height":"1024","caption":"Wanka Foods"},"image":{"@id":"https:\/\/superwankafoods.com\/#\/schema\/logo\/image\/"},"sameAs":["https:\/\/www.instagram.com\/wankafoods\/"]}]}},"_links":{"self":[{"href":"https:\/\/superwankafoods.com\/es\/wp-json\/wp\/v2\/product\/693"}],"collection":[{"href":"https:\/\/superwankafoods.com\/es\/wp-json\/wp\/v2\/product"}],"about":[{"href":"https:\/\/superwankafoods.com\/es\/wp-json\/wp\/v2\/types\/product"}],"replies":[{"embeddable":true,"href":"https:\/\/superwankafoods.com\/es\/wp-json\/wp\/v2\/comments?post=693"}],"wp:featuredmedia":[{"embeddable":true,"href":"https:\/\/superwankafoods.com\/es\/wp-json\/wp\/v2\/media\/529"}],"wp:attachment":[{"href":"https:\/\/superwankafoods.com\/es\/wp-json\/wp\/v2\/media?parent=693"}],"wp:term":[{"taxonomy":"product_cat","embeddable":true,"href":"https:\/\/superwankafoods.com\/es\/wp-json\/wp\/v2\/product_cat?post=693"},{"taxonomy":"product_tag","embeddable":true,"href":"https:\/\/superwankafoods.com\/es\/wp-json\/wp\/v2\/product_tag?post=693"}],"curies":[{"name":"wp","href":"https:\/\/api.w.org\/{rel}","templated":true}]}}